{"id":83,"date":"2021-09-13T10:59:25","date_gmt":"2021-09-13T10:59:25","guid":{"rendered":"https:\/\/wordpress.synoo.fr\/?page_id=83"},"modified":"2022-06-20T13:59:09","modified_gmt":"2022-06-20T11:59:09","slug":"le-cabinet-2","status":"publish","type":"page","link":"https:\/\/helene-dindeleux-sage-femme.fr\/?page_id=83","title":{"rendered":"Le cabinet"},"content":{"rendered":"\n<p class=\"has-text-align-center has-medium-font-size\">Cabinet situ\u00e9 au rez de chauss\u00e9e, <\/p>\n\n\n\n<p class=\"has-text-align-center has-medium-font-size\">19 rue Gabriel Germain \u00e0 Rennes, <\/p>\n\n\n\n<p class=\"has-text-align-center has-medium-font-size\"><em>quartier Beauregard<\/em><\/p>\n\n\n\n<div class=\"wp-block-group\"><div class=\"wp-block-group__inner-container\">\n<div class=\"wp-block-columns\">\n<div class=\"wp-block-column\" style=\"flex-basis:100%\">\n<div class=\"wp-block-jetpack-slideshow aligncenter\" data-effect=\"slide\"><div class=\"wp-block-jetpack-slideshow_container swiper-container\"><ul class=\"wp-block-jetpack-slideshow_swiper-wrapper swiper-wrapper\"><li class=\"wp-block-jetpack-slideshow_slide swiper-slide\"><figure><img loading=\"lazy\" width=\"408\" height=\"240\" alt=\"\" class=\"wp-block-jetpack-slideshow_image wp-image-422\" data-id=\"422\" src=\"https:\/\/helene-dindeleux-sage-femme.fr\/wp-content\/uploads\/2022\/04\/cab.jpg\" srcset=\"https:\/\/helene-dindeleux-sage-femme.fr\/wp-content\/uploads\/2022\/04\/cab.jpg 408w, https:\/\/helene-dindeleux-sage-femme.fr\/wp-content\/uploads\/2022\/04\/cab-300x176.jpg 300w\" sizes=\"(max-width: 408px) 100vw, 408px\" \/><\/figure><\/li><li class=\"wp-block-jetpack-slideshow_slide swiper-slide\"><figure><img loading=\"lazy\" width=\"2560\" height=\"1920\" alt=\"\" class=\"wp-block-jetpack-slideshow_image wp-image-445\" data-id=\"445\" src=\"https:\/\/helene-dindeleux-sage-femme.fr\/wp-content\/uploads\/2022\/06\/IMG_20220620_122453-1-scaled.jpg\" srcset=\"https:\/\/helene-dindeleux-sage-femme.fr\/wp-content\/uploads\/2022\/06\/IMG_20220620_122453-1-scaled.jpg 2560w, https:\/\/helene-dindeleux-sage-femme.fr\/wp-content\/uploads\/2022\/06\/IMG_20220620_122453-1-300x225.jpg 300w, https:\/\/helene-dindeleux-sage-femme.fr\/wp-content\/uploads\/2022\/06\/IMG_20220620_122453-1-1024x768.jpg 1024w, https:\/\/helene-dindeleux-sage-femme.fr\/wp-content\/uploads\/2022\/06\/IMG_20220620_122453-1-768x576.jpg 768w, https:\/\/helene-dindeleux-sage-femme.fr\/wp-content\/uploads\/2022\/06\/IMG_20220620_122453-1-1536x1152.jpg 1536w, https:\/\/helene-dindeleux-sage-femme.fr\/wp-content\/uploads\/2022\/06\/IMG_20220620_122453-1-2048x1536.jpg 2048w\" sizes=\"(max-width: 767px) 89vw, (max-width: 1000px) 54vw, (max-width: 1071px) 543px, 580px\" \/><\/figure><\/li><li class=\"wp-block-jetpack-slideshow_slide swiper-slide\"><figure><img loading=\"lazy\" width=\"2560\" height=\"1920\" alt=\"\" class=\"wp-block-jetpack-slideshow_image wp-image-446\" data-id=\"446\" src=\"https:\/\/helene-dindeleux-sage-femme.fr\/wp-content\/uploads\/2022\/06\/IMG_20220620_122446-1-scaled.jpg\" srcset=\"https:\/\/helene-dindeleux-sage-femme.fr\/wp-content\/uploads\/2022\/06\/IMG_20220620_122446-1-scaled.jpg 2560w, https:\/\/helene-dindeleux-sage-femme.fr\/wp-content\/uploads\/2022\/06\/IMG_20220620_122446-1-300x225.jpg 300w, https:\/\/helene-dindeleux-sage-femme.fr\/wp-content\/uploads\/2022\/06\/IMG_20220620_122446-1-1024x768.jpg 1024w, https:\/\/helene-dindeleux-sage-femme.fr\/wp-content\/uploads\/2022\/06\/IMG_20220620_122446-1-768x576.jpg 768w, https:\/\/helene-dindeleux-sage-femme.fr\/wp-content\/uploads\/2022\/06\/IMG_20220620_122446-1-1536x1152.jpg 1536w, https:\/\/helene-dindeleux-sage-femme.fr\/wp-content\/uploads\/2022\/06\/IMG_20220620_122446-1-2048x1536.jpg 2048w\" sizes=\"(max-width: 767px) 89vw, (max-width: 1000px) 54vw, (max-width: 1071px) 543px, 580px\" \/><\/figure><\/li><li class=\"wp-block-jetpack-slideshow_slide swiper-slide\"><figure><img loading=\"lazy\" width=\"1920\" height=\"2560\" alt=\"\" class=\"wp-block-jetpack-slideshow_image wp-image-444\" data-id=\"444\" src=\"https:\/\/helene-dindeleux-sage-femme.fr\/wp-content\/uploads\/2022\/06\/IMG_20220620_122516-1-scaled.jpg\" srcset=\"https:\/\/helene-dindeleux-sage-femme.fr\/wp-content\/uploads\/2022\/06\/IMG_20220620_122516-1-scaled.jpg 1920w, https:\/\/helene-dindeleux-sage-femme.fr\/wp-content\/uploads\/2022\/06\/IMG_20220620_122516-1-225x300.jpg 225w, https:\/\/helene-dindeleux-sage-femme.fr\/wp-content\/uploads\/2022\/06\/IMG_20220620_122516-1-768x1024.jpg 768w, https:\/\/helene-dindeleux-sage-femme.fr\/wp-content\/uploads\/2022\/06\/IMG_20220620_122516-1-1152x1536.jpg 1152w, https:\/\/helene-dindeleux-sage-femme.fr\/wp-content\/uploads\/2022\/06\/IMG_20220620_122516-1-1536x2048.jpg 1536w\" sizes=\"(max-width: 767px) 89vw, (max-width: 1000px) 54vw, (max-width: 1071px) 543px, 580px\" \/><\/figure><\/li><li class=\"wp-block-jetpack-slideshow_slide swiper-slide\"><figure><img loading=\"lazy\" width=\"2560\" height=\"1920\" alt=\"\" class=\"wp-block-jetpack-slideshow_image wp-image-447\" data-id=\"447\" src=\"https:\/\/helene-dindeleux-sage-femme.fr\/wp-content\/uploads\/2022\/06\/IMG_20220620_122421-1-scaled.jpg\" srcset=\"https:\/\/helene-dindeleux-sage-femme.fr\/wp-content\/uploads\/2022\/06\/IMG_20220620_122421-1-scaled.jpg 2560w, https:\/\/helene-dindeleux-sage-femme.fr\/wp-content\/uploads\/2022\/06\/IMG_20220620_122421-1-300x225.jpg 300w, https:\/\/helene-dindeleux-sage-femme.fr\/wp-content\/uploads\/2022\/06\/IMG_20220620_122421-1-1024x768.jpg 1024w, https:\/\/helene-dindeleux-sage-femme.fr\/wp-content\/uploads\/2022\/06\/IMG_20220620_122421-1-768x576.jpg 768w, https:\/\/helene-dindeleux-sage-femme.fr\/wp-content\/uploads\/2022\/06\/IMG_20220620_122421-1-1536x1152.jpg 1536w, https:\/\/helene-dindeleux-sage-femme.fr\/wp-content\/uploads\/2022\/06\/IMG_20220620_122421-1-2048x1536.jpg 2048w\" sizes=\"(max-width: 767px) 89vw, (max-width: 1000px) 54vw, (max-width: 1071px) 543px, 580px\" \/><\/figure><\/li><li class=\"wp-block-jetpack-slideshow_slide swiper-slide\"><figure><img loading=\"lazy\" width=\"1920\" height=\"2560\" alt=\"\" class=\"wp-block-jetpack-slideshow_image wp-image-450\" data-id=\"450\" src=\"https:\/\/helene-dindeleux-sage-femme.fr\/wp-content\/uploads\/2022\/06\/IMG_20220620_122429-1-scaled.jpg\" srcset=\"https:\/\/helene-dindeleux-sage-femme.fr\/wp-content\/uploads\/2022\/06\/IMG_20220620_122429-1-scaled.jpg 1920w, https:\/\/helene-dindeleux-sage-femme.fr\/wp-content\/uploads\/2022\/06\/IMG_20220620_122429-1-225x300.jpg 225w, https:\/\/helene-dindeleux-sage-femme.fr\/wp-content\/uploads\/2022\/06\/IMG_20220620_122429-1-768x1024.jpg 768w, https:\/\/helene-dindeleux-sage-femme.fr\/wp-content\/uploads\/2022\/06\/IMG_20220620_122429-1-1152x1536.jpg 1152w, https:\/\/helene-dindeleux-sage-femme.fr\/wp-content\/uploads\/2022\/06\/IMG_20220620_122429-1-1536x2048.jpg 1536w\" sizes=\"(max-width: 767px) 89vw, (max-width: 1000px) 54vw, (max-width: 1071px) 543px, 580px\" \/><\/figure><\/li><\/ul><a class=\"wp-block-jetpack-slideshow_button-prev swiper-button-prev swiper-button-white\" role=\"button\"><\/a><a class=\"wp-block-jetpack-slideshow_button-next swiper-button-next swiper-button-white\" role=\"button\"><\/a><a aria-label=\"Pause Slideshow\" class=\"wp-block-jetpack-slideshow_button-pause\" role=\"button\"><\/a><div class=\"wp-block-jetpack-slideshow_pagination swiper-pagination swiper-pagination-white\"><\/div><\/div><\/div>\n<\/div>\n<\/div>\n<\/div><\/div>\n","protected":false},"excerpt":{"rendered":"<p>Cabinet situ\u00e9 au rez de chauss\u00e9e, 19 rue Gabriel Germain \u00e0 Rennes, quartier Beauregard<\/p>\n","protected":false},"author":1,"featured_media":0,"parent":0,"menu_order":0,"comment_status":"closed","ping_status":"closed","template":"","meta":{"spay_email":""},"_links":{"self":[{"href":"https:\/\/helene-dindeleux-sage-femme.fr\/index.php?rest_route=\/wp\/v2\/pages\/83"}],"collection":[{"href":"https:\/\/helene-dindeleux-sage-femme.fr\/index.php?rest_route=\/wp\/v2\/pages"}],"about":[{"href":"https:\/\/helene-dindeleux-sage-femme.fr\/index.php?rest_route=\/wp\/v2\/types\/page"}],"author":[{"embeddable":true,"href":"https:\/\/helene-dindeleux-sage-femme.fr\/index.php?rest_route=\/wp\/v2\/users\/1"}],"replies":[{"embeddable":true,"href":"https:\/\/helene-dindeleux-sage-femme.fr\/index.php?rest_route=%2Fwp%2Fv2%2Fcomments&post=83"}],"version-history":[{"count":6,"href":"https:\/\/helene-dindeleux-sage-femme.fr\/index.php?rest_route=\/wp\/v2\/pages\/83\/revisions"}],"predecessor-version":[{"id":451,"href":"https:\/\/helene-dindeleux-sage-femme.fr\/index.php?rest_route=\/wp\/v2\/pages\/83\/revisions\/451"}],"wp:attachment":[{"href":"https:\/\/helene-dindeleux-sage-femme.fr\/index.php?rest_route=%2Fwp%2Fv2%2Fmedia&parent=83"}],"curies":[{"name":"wp","href":"https:\/\/api.w.org\/{rel}","templated":true}]}}