{"id":165,"date":"2021-09-13T15:42:20","date_gmt":"2021-09-13T15:42:20","guid":{"rendered":"https:\/\/wordpress.synoo.fr\/?page_id=165"},"modified":"2024-02-22T11:18:29","modified_gmt":"2024-02-22T10:18:29","slug":"acupuncture","status":"publish","type":"page","link":"https:\/\/helene-dindeleux-sage-femme.fr\/?page_id=165","title":{"rendered":"Acupuncture"},"content":{"rendered":"<h2 style=\"text-align: center;\">La pratique de l&rsquo;acupuncture<\/h2>\n\n\n<p>L\u2019Acupuncture est l\u2019une des branches de la M\u00e9decine Traditionnelle Chinoise, M\u00e9decine bas\u00e9e sur le QI ou Souffle ou Energie Vitale. Le Qi se compose d\u2019une Energie Yin et d\u2019une Energie Yang qui sont oppos\u00e9es et compl\u00e9mentaires et normalement en \u00e9quilibre. Il circule dans le corps \u00e0 travers les m\u00e9ridiens sur lesquels se trouvent les fameux points d\u2019acupuncture. Ce sont ces points qui vont \u00eatre stimul\u00e9s par de tr\u00e8s fines aiguilles afin de traiter les d\u00e9s\u00e9quilibres et soigner. (Les aiguilles toujours st\u00e9riles et \u00e0 usage unique sont laiss\u00e9es en place entre 10 et 30 minutes). Par son approche globale, l\u2019acupuncture s\u2019int\u00e9resse aux maux du corps ainsi qu\u2019aux \u00e9motions. Elle traite non seulement les sympt\u00f4mes mais aussi plus profond\u00e9ment la cause des d\u00e9r\u00e8glements.<\/p>\n\n\n\n<p>C\u2019est une M\u00e9decine tr\u00e8s ancienne, compl\u00e9mentaire de notre m\u00e9decine occidentale, elle a pour r\u00f4le de soigner mais aussi de pr\u00e9venir les maladies.<\/p>\n\n\n\n<p>L\u2019acupuncture accompagne la Femme tout au long de sa vie : pubert\u00e9, vie de femme, grossesse, accouchement, post-partum, m\u00e9nopause\u2026 Les indications sont tr\u00e8s nombreuses (notamment pendant la grossesse et l\u2019allaitement o\u00f9 de nombreux m\u00e9dicaments sont contre-indiqu\u00e9s).<\/p>\n\n\n\n<p><\/p>\n","protected":false},"excerpt":{"rendered":"<p>La pratique de l&rsquo;acupuncture L\u2019Acupuncture est l\u2019une des branches de la M\u00e9decine Traditionnelle Chinoise, M\u00e9decine bas\u00e9e sur le QI ou Souffle ou Energie Vitale. Le Qi se compose d\u2019une Energie Yin et d\u2019une Energie Yang qui sont oppos\u00e9es et compl\u00e9mentaires et normalement en \u00e9quilibre. Il circule dans le corps \u00e0 travers les m\u00e9ridiens sur lesquels &hellip; <\/p>\n<p class=\"link-more\"><a href=\"https:\/\/helene-dindeleux-sage-femme.fr\/?page_id=165\" class=\"more-link\">Continuer la lecture<span class=\"screen-reader-text\"> de &laquo;&nbsp;Acupuncture&nbsp;&raquo;<\/span><\/a><\/p>\n","protected":false},"author":1,"featured_media":0,"parent":0,"menu_order":0,"comment_status":"closed","ping_status":"closed","template":"","meta":{"spay_email":""},"_links":{"self":[{"href":"https:\/\/helene-dindeleux-sage-femme.fr\/index.php?rest_route=\/wp\/v2\/pages\/165"}],"collection":[{"href":"https:\/\/helene-dindeleux-sage-femme.fr\/index.php?rest_route=\/wp\/v2\/pages"}],"about":[{"href":"https:\/\/helene-dindeleux-sage-femme.fr\/index.php?rest_route=\/wp\/v2\/types\/page"}],"author":[{"embeddable":true,"href":"https:\/\/helene-dindeleux-sage-femme.fr\/index.php?rest_route=\/wp\/v2\/users\/1"}],"replies":[{"embeddable":true,"href":"https:\/\/helene-dindeleux-sage-femme.fr\/index.php?rest_route=%2Fwp%2Fv2%2Fcomments&post=165"}],"version-history":[{"count":4,"href":"https:\/\/helene-dindeleux-sage-femme.fr\/index.php?rest_route=\/wp\/v2\/pages\/165\/revisions"}],"predecessor-version":[{"id":459,"href":"https:\/\/helene-dindeleux-sage-femme.fr\/index.php?rest_route=\/wp\/v2\/pages\/165\/revisions\/459"}],"wp:attachment":[{"href":"https:\/\/helene-dindeleux-sage-femme.fr\/index.php?rest_route=%2Fwp%2Fv2%2Fmedia&parent=165"}],"curies":[{"name":"wp","href":"https:\/\/api.w.org\/{rel}","templated":true}]}}