{"id":102,"date":"2021-09-13T11:11:34","date_gmt":"2021-09-13T11:11:34","guid":{"rendered":"https:\/\/wordpress.synoo.fr\/?page_id=102"},"modified":"2021-10-12T14:00:08","modified_gmt":"2021-10-12T12:00:08","slug":"le-suivi-gynecologique","status":"publish","type":"page","link":"https:\/\/helene-dindeleux-sage-femme.fr\/?page_id=102","title":{"rendered":"Le suivi gyn\u00e9cologique"},"content":{"rendered":"<p style=\"text-align: center;\">Si vous \u00eates en bonne sant\u00e9, une sage-femme peut r\u00e9aliser votre suivi gyn\u00e9cologique. Quel que soit votre \u00e2ge, que vous ayez eu ou non des enfants.<\/p>\n<p style=\"text-align: center;\">Les sages-femmes pratiquent au besoin un examen clinique complet (g\u00e9n\u00e9ral et gyn\u00e9cologique) et tous les actes n\u00e9cessaires \u00e0 votre suivi. Elles r\u00e9alisent \u00e9galement les frottis cervico-vaginaux de d\u00e9pistage et peuvent vous prescrire tous les examens compl\u00e9mentaires utiles \u00e0 votre suivi. Elles peuvent aussi pratiquer des \u00e9chographies gyn\u00e9cologiques de surveillance et de d\u00e9pistage.<\/p>\n<p style=\"text-align: center;\">Les sages-femmes sont comp\u00e9tentes pour d\u00e9pister des pathologies et vous adresser \u00e0 un sp\u00e9cialiste si besoin.<\/p>\n","protected":false},"excerpt":{"rendered":"<p>Si vous \u00eates en bonne sant\u00e9, une sage-femme peut r\u00e9aliser votre suivi gyn\u00e9cologique. Quel que soit votre \u00e2ge, que vous ayez eu ou non des enfants. Les sages-femmes pratiquent au besoin un examen clinique complet (g\u00e9n\u00e9ral et gyn\u00e9cologique) et tous les actes n\u00e9cessaires \u00e0 votre suivi. Elles r\u00e9alisent \u00e9galement les frottis cervico-vaginaux de d\u00e9pistage et &hellip; <\/p>\n<p class=\"link-more\"><a href=\"https:\/\/helene-dindeleux-sage-femme.fr\/?page_id=102\" class=\"more-link\">Continuer la lecture<span class=\"screen-reader-text\"> de &laquo;&nbsp;Le suivi gyn\u00e9cologique&nbsp;&raquo;<\/span><\/a><\/p>\n","protected":false},"author":1,"featured_media":0,"parent":0,"menu_order":0,"comment_status":"closed","ping_status":"closed","template":"","meta":{"spay_email":""},"_links":{"self":[{"href":"https:\/\/helene-dindeleux-sage-femme.fr\/index.php?rest_route=\/wp\/v2\/pages\/102"}],"collection":[{"href":"https:\/\/helene-dindeleux-sage-femme.fr\/index.php?rest_route=\/wp\/v2\/pages"}],"about":[{"href":"https:\/\/helene-dindeleux-sage-femme.fr\/index.php?rest_route=\/wp\/v2\/types\/page"}],"author":[{"embeddable":true,"href":"https:\/\/helene-dindeleux-sage-femme.fr\/index.php?rest_route=\/wp\/v2\/users\/1"}],"replies":[{"embeddable":true,"href":"https:\/\/helene-dindeleux-sage-femme.fr\/index.php?rest_route=%2Fwp%2Fv2%2Fcomments&post=102"}],"version-history":[{"count":9,"href":"https:\/\/helene-dindeleux-sage-femme.fr\/index.php?rest_route=\/wp\/v2\/pages\/102\/revisions"}],"predecessor-version":[{"id":323,"href":"https:\/\/helene-dindeleux-sage-femme.fr\/index.php?rest_route=\/wp\/v2\/pages\/102\/revisions\/323"}],"wp:attachment":[{"href":"https:\/\/helene-dindeleux-sage-femme.fr\/index.php?rest_route=%2Fwp%2Fv2%2Fmedia&parent=102"}],"curies":[{"name":"wp","href":"https:\/\/api.w.org\/{rel}","templated":true}]}}