{"id":101,"date":"2021-09-13T11:11:34","date_gmt":"2021-09-13T11:11:34","guid":{"rendered":"https:\/\/wordpress.synoo.fr\/?page_id=101"},"modified":"2021-09-14T09:42:08","modified_gmt":"2021-09-14T07:42:08","slug":"activites-proposees-2","status":"publish","type":"page","link":"https:\/\/helene-dindeleux-sage-femme.fr\/?page_id=101","title":{"rendered":"Activit\u00e9s propos\u00e9es"},"content":{"rendered":"\n<div class=\"wp-block-columns\">\n<div class=\"wp-block-column\" style=\"flex-basis:25%\">\n<p class=\"has-text-align-center\"><a href=\"https:\/\/helene-dindeleux-sage-femme.fr\/?page_id=102\" data-type=\"URL\" data-id=\"https:\/\/helene-dindeleux-sage-femme.fr\/?page_id=102\">Suivi gyn\u00e9cologique de pr\u00e9vention<\/a><\/p>\n<\/div>\n\n\n\n<div class=\"wp-block-column is-vertically-aligned-center\" style=\"flex-basis:25%\">\n<p class=\"has-text-align-center\"><a href=\"https:\/\/helene-dindeleux-sage-femme.fr\/?page_id=103\" data-type=\"URL\" data-id=\"https:\/\/helene-dindeleux-sage-femme.fr\/?page_id=103\">La contraception<\/a><\/p>\n<\/div>\n\n\n\n<div class=\"wp-block-column is-vertically-aligned-center\" style=\"flex-basis:25%\">\n<p class=\"has-text-align-center\"><a href=\"https:\/\/helene-dindeleux-sage-femme.fr\/?page_id=167\" data-type=\"URL\" data-id=\"https:\/\/helene-dindeleux-sage-femme.fr\/?page_id=167\">Suivi de grossesse<\/a><\/p>\n<\/div>\n\n\n\n<div class=\"wp-block-column is-vertically-aligned-center\" style=\"flex-basis:25%\">\n<p class=\"has-text-align-center\"><a href=\"https:\/\/helene-dindeleux-sage-femme.fr\/?page_id=246\" data-type=\"URL\" data-id=\"https:\/\/helene-dindeleux-sage-femme.fr\/?page_id=246\">\u00c9chographies<\/a><\/p>\n<\/div>\n<\/div>\n\n\n\n<div class=\"wp-block-columns\">\n<div class=\"wp-block-column is-vertically-aligned-center\" style=\"flex-basis:25%\">\n<p class=\"has-text-align-center\"><a href=\"https:\/\/helene-dindeleux-sage-femme.fr\/?page_id=185\" data-type=\"URL\" data-id=\"https:\/\/helene-dindeleux-sage-femme.fr\/?page_id=185\">Pr\u00e9paration \u00e0 la naissance<\/a><\/p>\n<\/div>\n\n\n\n<div class=\"wp-block-column is-vertically-aligned-center\" style=\"flex-basis:25%\">\n<p class=\"has-text-align-center\"><a href=\"https:\/\/helene-dindeleux-sage-femme.fr\/?page_id=165\" data-type=\"URL\" data-id=\"https:\/\/helene-dindeleux-sage-femme.fr\/?page_id=165\">Acupuncture<\/a><\/p>\n<\/div>\n\n\n\n<div class=\"wp-block-column\" style=\"flex-basis:25%\">\n<p class=\"has-text-align-center\"><a href=\"https:\/\/helene-dindeleux-sage-femme.fr\/?page_id=170\" data-type=\"URL\" data-id=\"https:\/\/helene-dindeleux-sage-femme.fr\/?page_id=170\">Consultations post-natales et allaitement<\/a><\/p>\n<\/div>\n\n\n\n<div class=\"wp-block-column is-vertically-aligned-center\" style=\"flex-basis:25%\">\n<p class=\"has-text-align-center\"><a href=\"https:\/\/helene-dindeleux-sage-femme.fr\/?page_id=171\" data-type=\"URL\" data-id=\"https:\/\/helene-dindeleux-sage-femme.fr\/?page_id=171\">R\u00e9\u00e9ducation p\u00e9rin\u00e9ale<\/a><\/p>\n<\/div>\n<\/div>\n\n\n\n<p><\/p>\n","protected":false},"excerpt":{"rendered":"<p>Suivi gyn\u00e9cologique de pr\u00e9vention La contraception Suivi de grossesse \u00c9chographies Pr\u00e9paration \u00e0 la naissance Acupuncture Consultations post-natales et allaitement R\u00e9\u00e9ducation p\u00e9rin\u00e9ale<\/p>\n","protected":false},"author":1,"featured_media":0,"parent":0,"menu_order":0,"comment_status":"closed","ping_status":"closed","template":"","meta":{"spay_email":""},"_links":{"self":[{"href":"https:\/\/helene-dindeleux-sage-femme.fr\/index.php?rest_route=\/wp\/v2\/pages\/101"}],"collection":[{"href":"https:\/\/helene-dindeleux-sage-femme.fr\/index.php?rest_route=\/wp\/v2\/pages"}],"about":[{"href":"https:\/\/helene-dindeleux-sage-femme.fr\/index.php?rest_route=\/wp\/v2\/types\/page"}],"author":[{"embeddable":true,"href":"https:\/\/helene-dindeleux-sage-femme.fr\/index.php?rest_route=\/wp\/v2\/users\/1"}],"replies":[{"embeddable":true,"href":"https:\/\/helene-dindeleux-sage-femme.fr\/index.php?rest_route=%2Fwp%2Fv2%2Fcomments&post=101"}],"version-history":[{"count":4,"href":"https:\/\/helene-dindeleux-sage-femme.fr\/index.php?rest_route=\/wp\/v2\/pages\/101\/revisions"}],"predecessor-version":[{"id":293,"href":"https:\/\/helene-dindeleux-sage-femme.fr\/index.php?rest_route=\/wp\/v2\/pages\/101\/revisions\/293"}],"wp:attachment":[{"href":"https:\/\/helene-dindeleux-sage-femme.fr\/index.php?rest_route=%2Fwp%2Fv2%2Fmedia&parent=101"}],"curies":[{"name":"wp","href":"https:\/\/api.w.org\/{rel}","templated":true}]}}